{"id":119,"date":"2013-09-22T14:32:45","date_gmt":"2013-09-22T12:32:45","guid":{"rendered":"http:\/\/la-spatola.de\/?page_id=119"},"modified":"2015-06-11T16:01:05","modified_gmt":"2015-06-11T14:01:05","slug":"kreative-wandgestaltung","status":"publish","type":"page","link":"https:\/\/la-spatola.de\/?page_id=119","title":{"rendered":"Weitere Techniken"},"content":{"rendered":"<p>Verschiedene Techniken bieten verschiedene M\u00f6glichkeiten. Lassen Sie sich in einem Gespr\u00e4ch von den M\u00f6glichkeiten begeistern und ich zeige Ihnen, was noch alles mit Ihren 4 W\u00e4nden m\u00f6glich ist.<\/p>\n<ul>\n<li><strong><strong>PASTELLONE<\/strong><\/strong><br \/>\n<a href=\"https:\/\/la-spatola.de\/wp-content\/uploads\/2013\/09\/Marmorino.png\"><img loading=\"lazy\" decoding=\"async\" data-attachment-id=\"53\" data-permalink=\"https:\/\/la-spatola.de\/?attachment_id=53\" data-orig-file=\"https:\/\/la-spatola.de\/wp-content\/uploads\/2013\/09\/Marmorino.png\" data-orig-size=\"150,400\" data-comments-opened=\"0\" data-image-meta=\"{&quot;aperture&quot;:&quot;0&quot;,&quot;credit&quot;:&quot;&quot;,&quot;camera&quot;:&quot;&quot;,&quot;caption&quot;:&quot;&quot;,&quot;created_timestamp&quot;:&quot;0&quot;,&quot;copyright&quot;:&quot;&quot;,&quot;focal_length&quot;:&quot;0&quot;,&quot;iso&quot;:&quot;0&quot;,&quot;shutter_speed&quot;:&quot;0&quot;,&quot;title&quot;:&quot;&quot;}\" data-image-title=\"Marmorino\" data-image-description=\"&lt;p&gt;Marmorino&lt;\/p&gt;\n\" data-image-caption=\"&lt;p&gt;Marmorino&lt;\/p&gt;\n\" data-medium-file=\"https:\/\/la-spatola.de\/wp-content\/uploads\/2013\/09\/Marmorino-112x300.png\" data-large-file=\"https:\/\/la-spatola.de\/wp-content\/uploads\/2013\/09\/Marmorino.png\" class=\"size-full wp-image-53 alignright\" src=\"https:\/\/la-spatola.de\/wp-content\/uploads\/2013\/09\/Marmorino.png\" alt=\"Marmorino\" width=\"150\" height=\"400\" srcset=\"https:\/\/la-spatola.de\/wp-content\/uploads\/2013\/09\/Marmorino.png 150w, https:\/\/la-spatola.de\/wp-content\/uploads\/2013\/09\/Marmorino-112x300.png 112w, https:\/\/la-spatola.de\/wp-content\/uploads\/2013\/09\/Marmorino-56x150.png 56w\" sizes=\"(max-width: 150px) 100vw, 150px\" \/><\/a><\/li>\n<\/ul>\n<p>Ein innovativer, fugenloser Bodenbelag nach alter venezianischer Tradition.<\/p>\n<p>Der nat\u00fcrliche und atmungsaktive, fugenlose Kalkboden ist ein Premium-Belag auf Naturkalkbasis, der mit der Zeit an Wert gewinnt. Er l\u00e4sst sich individuell und kreativ gestalten, ist durchgef\u00e4rbt und hat eine stabile und best\u00e4ndige Farbe.<\/p>\n<p>&nbsp;<\/p>\n<p>&nbsp;<\/p>\n<p>&nbsp;<\/p>\n<p>&nbsp;<\/p>\n<p>&nbsp;<\/p>\n<p>&nbsp;<\/p>\n<p>&nbsp;<\/p>\n<p>&nbsp;<\/p>\n<ul>\n<li style=\"text-align: left;\"><strong><strong>KALKPRESSTECHNIK<\/strong><\/strong><a href=\"https:\/\/la-spatola.de\/wp-content\/uploads\/2013\/09\/Kalkpresstechnik1.png\"><img loading=\"lazy\" decoding=\"async\" data-attachment-id=\"124\" data-permalink=\"https:\/\/la-spatola.de\/?attachment_id=124\" data-orig-file=\"https:\/\/la-spatola.de\/wp-content\/uploads\/2013\/09\/Kalkpresstechnik1.png\" data-orig-size=\"150,400\" data-comments-opened=\"0\" data-image-meta=\"{&quot;aperture&quot;:&quot;0&quot;,&quot;credit&quot;:&quot;&quot;,&quot;camera&quot;:&quot;&quot;,&quot;caption&quot;:&quot;&quot;,&quot;created_timestamp&quot;:&quot;0&quot;,&quot;copyright&quot;:&quot;&quot;,&quot;focal_length&quot;:&quot;0&quot;,&quot;iso&quot;:&quot;0&quot;,&quot;shutter_speed&quot;:&quot;0&quot;,&quot;title&quot;:&quot;&quot;}\" data-image-title=\"Kalkpresstechnik1\" data-image-description=\"&lt;p&gt;Kalkpresstechnik1&lt;\/p&gt;\n\" data-image-caption=\"&lt;p&gt;Kalkpresstechnik1&lt;\/p&gt;\n\" data-medium-file=\"https:\/\/la-spatola.de\/wp-content\/uploads\/2013\/09\/Kalkpresstechnik1-112x300.png\" data-large-file=\"https:\/\/la-spatola.de\/wp-content\/uploads\/2013\/09\/Kalkpresstechnik1.png\" class=\"size-full wp-image-124 alignright\" src=\"https:\/\/la-spatola.de\/wp-content\/uploads\/2013\/09\/Kalkpresstechnik1.png\" alt=\"Kalkpresstechnik1\" width=\"150\" height=\"400\" srcset=\"https:\/\/la-spatola.de\/wp-content\/uploads\/2013\/09\/Kalkpresstechnik1.png 150w, https:\/\/la-spatola.de\/wp-content\/uploads\/2013\/09\/Kalkpresstechnik1-112x300.png 112w, https:\/\/la-spatola.de\/wp-content\/uploads\/2013\/09\/Kalkpresstechnik1-56x150.png 56w\" sizes=\"(max-width: 150px) 100vw, 150px\" \/><\/a><\/li>\n<\/ul>\n<p style=\"text-align: left;\">Diese Technik basiert auch auf dem Basismaterial Kalk und die Ausf\u00fchrung erfolgt \u00e4hnlich wie bei &#8222;Stucco Veneziano&#8220;. Die markanten Unterschiede liegen beim Muster, Glanzeffekt und dem verwendeten Material. Das Muster wird in der letzten Schicht mit gro\u00dfen, \u00fcberkreuzten Spachtelschl\u00e4gen aufgetragen. Dabei entsteht ein Seidenglanz. Kalkpresstechnik ist im Gegensatz zu &#8222;Stucco Veneziano&#8220; preisg\u00fcnstiger.<\/p>\n","protected":false},"excerpt":{"rendered":"<p>Verschiedene Techniken bieten verschiedene M\u00f6glichkeiten. Lassen Sie sich in einem Gespr\u00e4ch von den M\u00f6glichkeiten begeistern und ich zeige Ihnen, was noch alles mit Ihren 4 W\u00e4nden m\u00f6glich ist. PASTELLONE Ein innovativer, fugenloser Bodenbelag nach alter venezianischer Tradition. Der nat\u00fcrliche und atmungsaktive, fugenlose Kalkboden ist ein Premium-Belag auf Naturkalkbasis, der mit \u2026 <a class=\"continue-reading-link\" href=\"https:\/\/la-spatola.de\/?page_id=119\"> Continue reading<\/a><\/p>\n","protected":false},"author":1,"featured_media":0,"parent":6,"menu_order":0,"comment_status":"closed","ping_status":"closed","template":"","meta":{"footnotes":""},"jetpack_shortlink":"https:\/\/wp.me\/P3Vwy7-1V","jetpack_sharing_enabled":true,"jetpack_likes_enabled":true,"_links":{"self":[{"href":"https:\/\/la-spatola.de\/index.php?rest_route=\/wp\/v2\/pages\/119"}],"collection":[{"href":"https:\/\/la-spatola.de\/index.php?rest_route=\/wp\/v2\/pages"}],"about":[{"href":"https:\/\/la-spatola.de\/index.php?rest_route=\/wp\/v2\/types\/page"}],"author":[{"embeddable":true,"href":"https:\/\/la-spatola.de\/index.php?rest_route=\/wp\/v2\/users\/1"}],"replies":[{"embeddable":true,"href":"https:\/\/la-spatola.de\/index.php?rest_route=%2Fwp%2Fv2%2Fcomments&post=119"}],"version-history":[{"count":19,"href":"https:\/\/la-spatola.de\/index.php?rest_route=\/wp\/v2\/pages\/119\/revisions"}],"predecessor-version":[{"id":346,"href":"https:\/\/la-spatola.de\/index.php?rest_route=\/wp\/v2\/pages\/119\/revisions\/346"}],"up":[{"embeddable":true,"href":"https:\/\/la-spatola.de\/index.php?rest_route=\/wp\/v2\/pages\/6"}],"wp:attachment":[{"href":"https:\/\/la-spatola.de\/index.php?rest_route=%2Fwp%2Fv2%2Fmedia&parent=119"}],"curies":[{"name":"wp","href":"https:\/\/api.w.org\/{rel}","templated":true}]}}