{"id":21,"date":"2013-09-18T14:03:31","date_gmt":"2013-09-18T12:03:31","guid":{"rendered":"http:\/\/la-spatola.de\/?page_id=21"},"modified":"2015-06-08T18:33:27","modified_gmt":"2015-06-08T16:33:27","slug":"ausfuehrung","status":"publish","type":"page","link":"https:\/\/la-spatola.de\/?page_id=21","title":{"rendered":"Ausf\u00fchrung"},"content":{"rendered":"<p><a href=\"https:\/\/la-spatola.de\/wp-content\/uploads\/2013\/09\/spachtel.png\"><img loading=\"lazy\" decoding=\"async\" data-attachment-id=\"57\" data-permalink=\"https:\/\/la-spatola.de\/?attachment_id=57\" data-orig-file=\"https:\/\/la-spatola.de\/wp-content\/uploads\/2013\/09\/spachtel.png\" data-orig-size=\"150,400\" data-comments-opened=\"0\" data-image-meta=\"{&quot;aperture&quot;:&quot;0&quot;,&quot;credit&quot;:&quot;&quot;,&quot;camera&quot;:&quot;&quot;,&quot;caption&quot;:&quot;&quot;,&quot;created_timestamp&quot;:&quot;0&quot;,&quot;copyright&quot;:&quot;&quot;,&quot;focal_length&quot;:&quot;0&quot;,&quot;iso&quot;:&quot;0&quot;,&quot;shutter_speed&quot;:&quot;0&quot;,&quot;title&quot;:&quot;&quot;}\" data-image-title=\"spachtel\" data-image-description=\"&lt;p&gt;spachtel&lt;\/p&gt;\n\" data-image-caption=\"&lt;p&gt;spachtel&lt;\/p&gt;\n\" data-medium-file=\"https:\/\/la-spatola.de\/wp-content\/uploads\/2013\/09\/spachtel-112x300.png\" data-large-file=\"https:\/\/la-spatola.de\/wp-content\/uploads\/2013\/09\/spachtel.png\" class=\"size-full wp-image-57 alignright\" src=\"https:\/\/la-spatola.de\/wp-content\/uploads\/2013\/09\/spachtel.png\" alt=\"spachtel\" width=\"150\" height=\"400\" srcset=\"https:\/\/la-spatola.de\/wp-content\/uploads\/2013\/09\/spachtel.png 150w, https:\/\/la-spatola.de\/wp-content\/uploads\/2013\/09\/spachtel-112x300.png 112w, https:\/\/la-spatola.de\/wp-content\/uploads\/2013\/09\/spachtel-56x150.png 56w\" sizes=\"(max-width: 150px) 100vw, 150px\" \/><\/a>Dieser exklusive Glanzputz entsteht in Handarbeit und wird mehrschichtig ganz ohne Maschineneinsatz aufgetragen.<\/p>\n<p>Die Untergr\u00fcnde sollten sauber, trocken, fettfrei und fest sein.<\/p>\n<ol>\n<li>Grundieren der Fl\u00e4che<\/li>\n<li>Vollfl\u00e4chiges Spachteln der 1. bis 3.\u00a0Schicht<\/li>\n<li>Fleckenspachteln der 4. Schicht<\/li>\n<li>Verpressen der\u00a0 letzten Schicht<\/li>\n<li>Auftragen und Polieren von Wachs &gt; Ein Wachsauftrag sch\u00fctzt, intensiviert den Glanzeffekt, und l\u00e4\u00dft sich feucht reinigen.<\/li>\n<\/ol>\n<p style=\"text-align: right;\"><a title=\"Verwendung\" href=\"https:\/\/la-spatola.de\/?page_id=23\">Weiter zu &#8222;Verwendung&#8220;&#8230;<\/a><\/p>\n","protected":false},"excerpt":{"rendered":"<p>Dieser exklusive Glanzputz entsteht in Handarbeit und wird mehrschichtig ganz ohne Maschineneinsatz aufgetragen. Die Untergr\u00fcnde sollten sauber, trocken, fettfrei und fest sein. Grundieren der Fl\u00e4che Vollfl\u00e4chiges Spachteln der 1. bis 3.\u00a0Schicht Fleckenspachteln der 4. Schicht Verpressen der\u00a0 letzten Schicht Auftragen und Polieren von Wachs &gt; Ein Wachsauftrag sch\u00fctzt, intensiviert den \u2026 <a class=\"continue-reading-link\" href=\"https:\/\/la-spatola.de\/?page_id=21\"> Continue reading<\/a><\/p>\n","protected":false},"author":1,"featured_media":0,"parent":4,"menu_order":1,"comment_status":"open","ping_status":"open","template":"","meta":{"footnotes":""},"jetpack_shortlink":"https:\/\/wp.me\/P3Vwy7-l","jetpack_sharing_enabled":true,"jetpack_likes_enabled":true,"_links":{"self":[{"href":"https:\/\/la-spatola.de\/index.php?rest_route=\/wp\/v2\/pages\/21"}],"collection":[{"href":"https:\/\/la-spatola.de\/index.php?rest_route=\/wp\/v2\/pages"}],"about":[{"href":"https:\/\/la-spatola.de\/index.php?rest_route=\/wp\/v2\/types\/page"}],"author":[{"embeddable":true,"href":"https:\/\/la-spatola.de\/index.php?rest_route=\/wp\/v2\/users\/1"}],"replies":[{"embeddable":true,"href":"https:\/\/la-spatola.de\/index.php?rest_route=%2Fwp%2Fv2%2Fcomments&post=21"}],"version-history":[{"count":7,"href":"https:\/\/la-spatola.de\/index.php?rest_route=\/wp\/v2\/pages\/21\/revisions"}],"predecessor-version":[{"id":259,"href":"https:\/\/la-spatola.de\/index.php?rest_route=\/wp\/v2\/pages\/21\/revisions\/259"}],"up":[{"embeddable":true,"href":"https:\/\/la-spatola.de\/index.php?rest_route=\/wp\/v2\/pages\/4"}],"wp:attachment":[{"href":"https:\/\/la-spatola.de\/index.php?rest_route=%2Fwp%2Fv2%2Fmedia&parent=21"}],"curies":[{"name":"wp","href":"https:\/\/api.w.org\/{rel}","templated":true}]}}