{"id":23,"date":"2013-09-18T14:04:14","date_gmt":"2013-09-18T12:04:14","guid":{"rendered":"http:\/\/la-spatola.de\/?page_id=23"},"modified":"2013-09-21T17:48:06","modified_gmt":"2013-09-21T15:48:06","slug":"23-2","status":"publish","type":"page","link":"https:\/\/la-spatola.de\/?page_id=23","title":{"rendered":"Verwendung"},"content":{"rendered":"<p><a href=\"https:\/\/la-spatola.de\/wp-content\/uploads\/2013\/09\/stucco-veneziano2.png\"><img loading=\"lazy\" decoding=\"async\" data-attachment-id=\"66\" data-permalink=\"https:\/\/la-spatola.de\/?attachment_id=66\" data-orig-file=\"https:\/\/la-spatola.de\/wp-content\/uploads\/2013\/09\/stucco-veneziano2.png\" data-orig-size=\"150,400\" data-comments-opened=\"0\" data-image-meta=\"{&quot;aperture&quot;:&quot;0&quot;,&quot;credit&quot;:&quot;&quot;,&quot;camera&quot;:&quot;&quot;,&quot;caption&quot;:&quot;&quot;,&quot;created_timestamp&quot;:&quot;0&quot;,&quot;copyright&quot;:&quot;&quot;,&quot;focal_length&quot;:&quot;0&quot;,&quot;iso&quot;:&quot;0&quot;,&quot;shutter_speed&quot;:&quot;0&quot;,&quot;title&quot;:&quot;&quot;}\" data-image-title=\"stucco veneziano2\" data-image-description=\"&lt;p&gt;stucco veneziano2&lt;\/p&gt;\n\" data-image-caption=\"&lt;p&gt;stucco veneziano2&lt;\/p&gt;\n\" data-medium-file=\"https:\/\/la-spatola.de\/wp-content\/uploads\/2013\/09\/stucco-veneziano2-112x300.png\" data-large-file=\"https:\/\/la-spatola.de\/wp-content\/uploads\/2013\/09\/stucco-veneziano2.png\" class=\"size-full wp-image-66 alignright\" alt=\"stucco veneziano2\" src=\"https:\/\/la-spatola.de\/wp-content\/uploads\/2013\/09\/stucco-veneziano2.png\" width=\"150\" height=\"400\" srcset=\"https:\/\/la-spatola.de\/wp-content\/uploads\/2013\/09\/stucco-veneziano2.png 150w, https:\/\/la-spatola.de\/wp-content\/uploads\/2013\/09\/stucco-veneziano2-112x300.png 112w, https:\/\/la-spatola.de\/wp-content\/uploads\/2013\/09\/stucco-veneziano2-56x150.png 56w\" sizes=\"(max-width: 150px) 100vw, 150px\" \/><\/a>&#8222;Stucco veneziano&#8220; hat vielseitige Einsatzm\u00f6glichkeiten:<\/p>\n<ul>\n<li>Wohn-und Schlafr\u00e4ume und \u00fcberall, wo man stilvoll, harmonisch und au\u00dfergew\u00f6hnlich sch\u00f6n wohnen m\u00f6chte<\/li>\n<\/ul>\n<ul>\n<li>Geeignet auch in K\u00fcchen und B\u00e4dern<\/li>\n<\/ul>\n<ul>\n<li>Hotels, Gesch\u00e4fte, B\u00fcros, Schwimmb\u00e4der, Restaurants usw.<\/li>\n<\/ul>\n<ul>\n<li>W\u00e4nde, Decken, Kamine, S\u00e4ulen \u2013 Ihrer Fantasie sind keine Grenzen gesetzt!<\/li>\n<\/ul>\n<p style=\"text-align: right;\"><a title=\"Material\" href=\"https:\/\/la-spatola.de\/?page_id=25\">\u00a0Weiter zu &#8222;Material&#8220; &#8230;<\/a><\/p>\n","protected":false},"excerpt":{"rendered":"<p>&#8222;Stucco veneziano&#8220; hat vielseitige Einsatzm\u00f6glichkeiten: Wohn-und Schlafr\u00e4ume und \u00fcberall, wo man stilvoll, harmonisch und au\u00dfergew\u00f6hnlich sch\u00f6n wohnen m\u00f6chte Geeignet auch in K\u00fcchen und B\u00e4dern Hotels, Gesch\u00e4fte, B\u00fcros, Schwimmb\u00e4der, Restaurants usw. W\u00e4nde, Decken, Kamine, S\u00e4ulen \u2013 Ihrer Fantasie sind keine Grenzen gesetzt! \u00a0Weiter zu &#8222;Material&#8220; &#8230; <a class=\"continue-reading-link\" href=\"https:\/\/la-spatola.de\/?page_id=23\"> Continue reading<\/a><\/p>\n","protected":false},"author":1,"featured_media":0,"parent":4,"menu_order":2,"comment_status":"open","ping_status":"open","template":"","meta":{"footnotes":""},"jetpack_shortlink":"https:\/\/wp.me\/P3Vwy7-n","jetpack_sharing_enabled":true,"jetpack_likes_enabled":true,"_links":{"self":[{"href":"https:\/\/la-spatola.de\/index.php?rest_route=\/wp\/v2\/pages\/23"}],"collection":[{"href":"https:\/\/la-spatola.de\/index.php?rest_route=\/wp\/v2\/pages"}],"about":[{"href":"https:\/\/la-spatola.de\/index.php?rest_route=\/wp\/v2\/types\/page"}],"author":[{"embeddable":true,"href":"https:\/\/la-spatola.de\/index.php?rest_route=\/wp\/v2\/users\/1"}],"replies":[{"embeddable":true,"href":"https:\/\/la-spatola.de\/index.php?rest_route=%2Fwp%2Fv2%2Fcomments&post=23"}],"version-history":[{"count":7,"href":"https:\/\/la-spatola.de\/index.php?rest_route=\/wp\/v2\/pages\/23\/revisions"}],"predecessor-version":[{"id":75,"href":"https:\/\/la-spatola.de\/index.php?rest_route=\/wp\/v2\/pages\/23\/revisions\/75"}],"up":[{"embeddable":true,"href":"https:\/\/la-spatola.de\/index.php?rest_route=\/wp\/v2\/pages\/4"}],"wp:attachment":[{"href":"https:\/\/la-spatola.de\/index.php?rest_route=%2Fwp%2Fv2%2Fmedia&parent=23"}],"curies":[{"name":"wp","href":"https:\/\/api.w.org\/{rel}","templated":true}]}}