{"id":25,"date":"2013-09-18T14:04:40","date_gmt":"2013-09-18T12:04:40","guid":{"rendered":"http:\/\/la-spatola.de\/?page_id=25"},"modified":"2015-06-08T18:34:30","modified_gmt":"2015-06-08T16:34:30","slug":"material","status":"publish","type":"page","link":"https:\/\/la-spatola.de\/?page_id=25","title":{"rendered":"Material"},"content":{"rendered":"<p><a href=\"https:\/\/la-spatola.de\/wp-content\/uploads\/2013\/09\/kalkpulver.png\"><img loading=\"lazy\" decoding=\"async\" data-attachment-id=\"69\" data-permalink=\"https:\/\/la-spatola.de\/?attachment_id=69\" data-orig-file=\"https:\/\/la-spatola.de\/wp-content\/uploads\/2013\/09\/kalkpulver.png\" data-orig-size=\"150,389\" data-comments-opened=\"0\" data-image-meta=\"{&quot;aperture&quot;:&quot;0&quot;,&quot;credit&quot;:&quot;&quot;,&quot;camera&quot;:&quot;&quot;,&quot;caption&quot;:&quot;&quot;,&quot;created_timestamp&quot;:&quot;0&quot;,&quot;copyright&quot;:&quot;&quot;,&quot;focal_length&quot;:&quot;0&quot;,&quot;iso&quot;:&quot;0&quot;,&quot;shutter_speed&quot;:&quot;0&quot;,&quot;title&quot;:&quot;&quot;}\" data-image-title=\"kalkpulver\" data-image-description=\"&lt;p&gt;kalkpulver&lt;\/p&gt;\n\" data-image-caption=\"&lt;p&gt;kalkpulver&lt;\/p&gt;\n\" data-medium-file=\"https:\/\/la-spatola.de\/wp-content\/uploads\/2013\/09\/kalkpulver-115x300.png\" data-large-file=\"https:\/\/la-spatola.de\/wp-content\/uploads\/2013\/09\/kalkpulver.png\" class=\"size-full wp-image-69 alignright\" src=\"https:\/\/la-spatola.de\/wp-content\/uploads\/2013\/09\/kalkpulver.png\" alt=\"kalkpulver\" width=\"150\" height=\"389\" \/><\/a>Auserlesener, effektvoller Mineralspachtel auf Kalkbasis mit Glanzverm\u00f6gen f\u00fcr anspruchsvolle, nat\u00fcrliche, charakteristische Spachteltechniken im Innen- und Aussenbereich nach historischem Vorbild. Nat\u00fcrlicher, hoch diffusionsf\u00e4higer Werkstoff, besonders einsetzbar in Wohnbereichen mit hohen baubiologischen Anforderungen.<\/p>\n<p>Eigenschaften: Mineralisch, diffusionsoffen, geruchsneutral, nat\u00fcrlich resistent gegen Schimmel und Bakterien, sto\u00df- und kratzfest, schmutz- und wasserabweisend je nach gew\u00fcnschter Nachbehandlung.<\/p>\n","protected":false},"excerpt":{"rendered":"<p>Auserlesener, effektvoller Mineralspachtel auf Kalkbasis mit Glanzverm\u00f6gen f\u00fcr anspruchsvolle, nat\u00fcrliche, charakteristische Spachteltechniken im Innen- und Aussenbereich nach historischem Vorbild. Nat\u00fcrlicher, hoch diffusionsf\u00e4higer Werkstoff, besonders einsetzbar in Wohnbereichen mit hohen baubiologischen Anforderungen. Eigenschaften: Mineralisch, diffusionsoffen, geruchsneutral, nat\u00fcrlich resistent gegen Schimmel und Bakterien, sto\u00df- und kratzfest, schmutz- und wasserabweisend je nach gew\u00fcnschter \u2026 <a class=\"continue-reading-link\" href=\"https:\/\/la-spatola.de\/?page_id=25\"> Continue reading<\/a><\/p>\n","protected":false},"author":1,"featured_media":0,"parent":4,"menu_order":3,"comment_status":"open","ping_status":"open","template":"","meta":{"footnotes":""},"jetpack_shortlink":"https:\/\/wp.me\/P3Vwy7-p","jetpack_sharing_enabled":true,"jetpack_likes_enabled":true,"_links":{"self":[{"href":"https:\/\/la-spatola.de\/index.php?rest_route=\/wp\/v2\/pages\/25"}],"collection":[{"href":"https:\/\/la-spatola.de\/index.php?rest_route=\/wp\/v2\/pages"}],"about":[{"href":"https:\/\/la-spatola.de\/index.php?rest_route=\/wp\/v2\/types\/page"}],"author":[{"embeddable":true,"href":"https:\/\/la-spatola.de\/index.php?rest_route=\/wp\/v2\/users\/1"}],"replies":[{"embeddable":true,"href":"https:\/\/la-spatola.de\/index.php?rest_route=%2Fwp%2Fv2%2Fcomments&post=25"}],"version-history":[{"count":8,"href":"https:\/\/la-spatola.de\/index.php?rest_route=\/wp\/v2\/pages\/25\/revisions"}],"predecessor-version":[{"id":261,"href":"https:\/\/la-spatola.de\/index.php?rest_route=\/wp\/v2\/pages\/25\/revisions\/261"}],"up":[{"embeddable":true,"href":"https:\/\/la-spatola.de\/index.php?rest_route=\/wp\/v2\/pages\/4"}],"wp:attachment":[{"href":"https:\/\/la-spatola.de\/index.php?rest_route=%2Fwp%2Fv2%2Fmedia&parent=25"}],"curies":[{"name":"wp","href":"https:\/\/api.w.org\/{rel}","templated":true}]}}