{"id":4,"date":"2013-09-18T13:08:30","date_gmt":"2013-09-18T11:08:30","guid":{"rendered":"http:\/\/la-spatola.de\/?page_id=4"},"modified":"2013-09-22T20:57:35","modified_gmt":"2013-09-22T18:57:35","slug":"stucco-veneziano","status":"publish","type":"page","link":"https:\/\/la-spatola.de\/?page_id=4","title":{"rendered":"Stucco Veneziano"},"content":{"rendered":"<p><a href=\"https:\/\/la-spatola.de\/wp-content\/uploads\/2013\/09\/stucco-veneziano.png\"><img loading=\"lazy\" decoding=\"async\" data-attachment-id=\"63\" data-permalink=\"https:\/\/la-spatola.de\/?attachment_id=63\" data-orig-file=\"https:\/\/la-spatola.de\/wp-content\/uploads\/2013\/09\/stucco-veneziano.png\" data-orig-size=\"150,400\" data-comments-opened=\"0\" data-image-meta=\"{&quot;aperture&quot;:&quot;0&quot;,&quot;credit&quot;:&quot;&quot;,&quot;camera&quot;:&quot;&quot;,&quot;caption&quot;:&quot;&quot;,&quot;created_timestamp&quot;:&quot;0&quot;,&quot;copyright&quot;:&quot;&quot;,&quot;focal_length&quot;:&quot;0&quot;,&quot;iso&quot;:&quot;0&quot;,&quot;shutter_speed&quot;:&quot;0&quot;,&quot;title&quot;:&quot;&quot;}\" data-image-title=\"stucco veneziano\" data-image-description=\"&lt;p&gt;stucco veneziano&lt;\/p&gt;\n\" data-image-caption=\"&lt;p&gt;stucco veneziano&lt;\/p&gt;\n\" data-medium-file=\"https:\/\/la-spatola.de\/wp-content\/uploads\/2013\/09\/stucco-veneziano-112x300.png\" data-large-file=\"https:\/\/la-spatola.de\/wp-content\/uploads\/2013\/09\/stucco-veneziano.png\" class=\"size-full wp-image-63 alignright\" alt=\"stucco veneziano\" src=\"https:\/\/la-spatola.de\/wp-content\/uploads\/2013\/09\/stucco-veneziano.png\" width=\"150\" height=\"400\" srcset=\"https:\/\/la-spatola.de\/wp-content\/uploads\/2013\/09\/stucco-veneziano.png 150w, https:\/\/la-spatola.de\/wp-content\/uploads\/2013\/09\/stucco-veneziano-112x300.png 112w, https:\/\/la-spatola.de\/wp-content\/uploads\/2013\/09\/stucco-veneziano-56x150.png 56w\" sizes=\"(max-width: 150px) 100vw, 150px\" \/><\/a>Der Beginn der klassischen Spachteltechniken reicht bis in die Antike zur\u00fcck und ist seit Jahrtausenden ein sehr beliebter Wandbelag. Oft verwendet wurden zeit- und kostenintensive Techniken wie &#8222;Stucco Lustro&#8220;, Fresken oder Marmorimitationen. Aufgrund der aufw\u00e4ndigen Verarbeitung wurden diese im sp\u00e4teren Geschichtsverlauf h\u00e4ufig durch das leichter zu verarbeitende und g\u00fcnstigere &#8222;Stucco Veneziano&#8220; ersetzt.<\/p>\n<p>Glanzputze sind in Deutschland erst seit wenigen Jahrzenten unter &#8222;Stucco Antico&#8220; oder &#8222;Stucco Veneziano&#8220; bekannt. Der Glanzputz besteht aus Kalk und Marmormehl.<\/p>\n<p>Dieser langlebige und unempfindliche Glanzputz kommt sowohl in einer modernen wie in einer klassischen Stilrichtung zur Geltung und schenkt Ihnen ein farbenfrohes, traumhaftes und auff\u00e4lliges Ambiente.<\/p>\n<p>&#8222;Stucco Veneziano&#8220; bringt viele w\u00fcnschenswerte Eigenschaften mit. Es ist ein mineralischer Putz aus nat\u00fcrlichen Rohstoffen (Marmormehl und Kalk). Kalk ist sehr modern. Er wirkt schimmelhemmend, ist atmungsaktiv, feuchtigkeitsregulierend und antibakteriell.<\/p>\n<p style=\"text-align: right;\"><a title=\"Ausf\u00fchrung\" href=\"https:\/\/la-spatola.de\/?page_id=21\">Weiter zu &#8222;Ausf\u00fchrung&#8220;&#8230;<\/a><\/p>\n","protected":false},"excerpt":{"rendered":"<p>Der Beginn der klassischen Spachteltechniken reicht bis in die Antike zur\u00fcck und ist seit Jahrtausenden ein sehr beliebter Wandbelag. Oft verwendet wurden zeit- und kostenintensive Techniken wie &#8222;Stucco Lustro&#8220;, Fresken oder Marmorimitationen. Aufgrund der aufw\u00e4ndigen Verarbeitung wurden diese im sp\u00e4teren Geschichtsverlauf h\u00e4ufig durch das leichter zu verarbeitende und g\u00fcnstigere &#8222;Stucco \u2026 <a class=\"continue-reading-link\" href=\"https:\/\/la-spatola.de\/?page_id=4\"> Continue reading<\/a><\/p>\n","protected":false},"author":1,"featured_media":0,"parent":0,"menu_order":1,"comment_status":"open","ping_status":"open","template":"","meta":{"footnotes":""},"jetpack_shortlink":"https:\/\/wp.me\/P3Vwy7-4","jetpack_sharing_enabled":true,"jetpack_likes_enabled":true,"_links":{"self":[{"href":"https:\/\/la-spatola.de\/index.php?rest_route=\/wp\/v2\/pages\/4"}],"collection":[{"href":"https:\/\/la-spatola.de\/index.php?rest_route=\/wp\/v2\/pages"}],"about":[{"href":"https:\/\/la-spatola.de\/index.php?rest_route=\/wp\/v2\/types\/page"}],"author":[{"embeddable":true,"href":"https:\/\/la-spatola.de\/index.php?rest_route=\/wp\/v2\/users\/1"}],"replies":[{"embeddable":true,"href":"https:\/\/la-spatola.de\/index.php?rest_route=%2Fwp%2Fv2%2Fcomments&post=4"}],"version-history":[{"count":12,"href":"https:\/\/la-spatola.de\/index.php?rest_route=\/wp\/v2\/pages\/4\/revisions"}],"predecessor-version":[{"id":165,"href":"https:\/\/la-spatola.de\/index.php?rest_route=\/wp\/v2\/pages\/4\/revisions\/165"}],"wp:attachment":[{"href":"https:\/\/la-spatola.de\/index.php?rest_route=%2Fwp%2Fv2%2Fmedia&parent=4"}],"curies":[{"name":"wp","href":"https:\/\/api.w.org\/{rel}","templated":true}]}}