{"id":6,"date":"2013-09-18T13:08:47","date_gmt":"2013-09-18T11:08:47","guid":{"rendered":"http:\/\/la-spatola.de\/?page_id=6"},"modified":"2015-06-08T18:29:20","modified_gmt":"2015-06-08T16:29:20","slug":"leistungen","status":"publish","type":"page","link":"https:\/\/la-spatola.de\/?page_id=6","title":{"rendered":"Leistungen"},"content":{"rendered":"<ul>\n<li><a href=\"https:\/\/la-spatola.de\/wp-content\/uploads\/2013\/09\/leistungen2.png\"><img loading=\"lazy\" decoding=\"async\" data-attachment-id=\"133\" data-permalink=\"https:\/\/la-spatola.de\/?attachment_id=133\" data-orig-file=\"https:\/\/la-spatola.de\/wp-content\/uploads\/2013\/09\/leistungen2.png\" data-orig-size=\"150,400\" data-comments-opened=\"0\" data-image-meta=\"{&quot;aperture&quot;:&quot;0&quot;,&quot;credit&quot;:&quot;&quot;,&quot;camera&quot;:&quot;&quot;,&quot;caption&quot;:&quot;&quot;,&quot;created_timestamp&quot;:&quot;0&quot;,&quot;copyright&quot;:&quot;&quot;,&quot;focal_length&quot;:&quot;0&quot;,&quot;iso&quot;:&quot;0&quot;,&quot;shutter_speed&quot;:&quot;0&quot;,&quot;title&quot;:&quot;&quot;}\" data-image-title=\"leistungen2\" data-image-description=\"&lt;p&gt;leistungen2&lt;\/p&gt;\n\" data-image-caption=\"&lt;p&gt;leistungen2&lt;\/p&gt;\n\" data-medium-file=\"https:\/\/la-spatola.de\/wp-content\/uploads\/2013\/09\/leistungen2-112x300.png\" data-large-file=\"https:\/\/la-spatola.de\/wp-content\/uploads\/2013\/09\/leistungen2.png\" class=\"size-full wp-image-133 alignright\" src=\"https:\/\/la-spatola.de\/wp-content\/uploads\/2013\/09\/leistungen2.png\" alt=\"leistungen2\" width=\"150\" height=\"400\" srcset=\"https:\/\/la-spatola.de\/wp-content\/uploads\/2013\/09\/leistungen2.png 150w, https:\/\/la-spatola.de\/wp-content\/uploads\/2013\/09\/leistungen2-112x300.png 112w, https:\/\/la-spatola.de\/wp-content\/uploads\/2013\/09\/leistungen2-56x150.png 56w\" sizes=\"(max-width: 150px) 100vw, 150px\" \/><\/a>Schnell, sauber und mit einem (bei so viel Kreativit\u00e4t!) fast unglaublichen Preis-Leistungsverh\u00e4ltnis \u2013 wo? Nat\u00fcrlich bei La Spatola!<\/li>\n<\/ul>\n<ul>\n<li>Mit unserer Erfahrung finden Sie das Richtige um sich lange an handwerklichem K\u00f6nnen nach Ihren Vorstellungen erfreuen zu k\u00f6nnen. Ihre Ideen und unsere Erfahrung ergeben in kurzer Zeit und zu erschwinglichen Preisen ein v\u00f6llig neues Wohngef\u00fchl &#8211; wie Urlaub, aber zu Hause!<\/li>\n<\/ul>\n<ul>\n<li>Unverbindliche und kostenlose Beratung vom ausf\u00fchrenden Spezialisten.<\/li>\n<\/ul>\n<ul>\n<li>Mustersammlungen mit traumhaften Designs in traditionellen und modernen Stilrichtungen habe ich in ausreichender Anzahl. Diese k\u00f6nnen Sie mehrere Tage zu Hause behalten und in aller Ruhe das Passende ausw\u00e4hlen.<\/li>\n<\/ul>\n<ul>\n<li><a title=\"Kontakt\" href=\"https:\/\/la-spatola.de\/?page_id=8\">Kontaktieren Sie mich<\/a> einfach und unverbindlich.\u00a0 Ich komme auf Wunsch gerne pers\u00f6nlich vorbei und bringe passende Muster mit.<\/li>\n<\/ul>\n<p>&nbsp;<\/p>\n","protected":false},"excerpt":{"rendered":"<p>Schnell, sauber und mit einem (bei so viel Kreativit\u00e4t!) fast unglaublichen Preis-Leistungsverh\u00e4ltnis \u2013 wo? Nat\u00fcrlich bei La Spatola! Mit unserer Erfahrung finden Sie das Richtige um sich lange an handwerklichem K\u00f6nnen nach Ihren Vorstellungen erfreuen zu k\u00f6nnen. Ihre Ideen und unsere Erfahrung ergeben in kurzer Zeit und zu erschwinglichen Preisen \u2026 <a class=\"continue-reading-link\" href=\"https:\/\/la-spatola.de\/?page_id=6\"> Continue reading<\/a><\/p>\n","protected":false},"author":1,"featured_media":0,"parent":0,"menu_order":4,"comment_status":"open","ping_status":"closed","template":"","meta":{"footnotes":""},"jetpack_shortlink":"https:\/\/wp.me\/P3Vwy7-6","jetpack_sharing_enabled":true,"jetpack_likes_enabled":true,"_links":{"self":[{"href":"https:\/\/la-spatola.de\/index.php?rest_route=\/wp\/v2\/pages\/6"}],"collection":[{"href":"https:\/\/la-spatola.de\/index.php?rest_route=\/wp\/v2\/pages"}],"about":[{"href":"https:\/\/la-spatola.de\/index.php?rest_route=\/wp\/v2\/types\/page"}],"author":[{"embeddable":true,"href":"https:\/\/la-spatola.de\/index.php?rest_route=\/wp\/v2\/users\/1"}],"replies":[{"embeddable":true,"href":"https:\/\/la-spatola.de\/index.php?rest_route=%2Fwp%2Fv2%2Fcomments&post=6"}],"version-history":[{"count":13,"href":"https:\/\/la-spatola.de\/index.php?rest_route=\/wp\/v2\/pages\/6\/revisions"}],"predecessor-version":[{"id":252,"href":"https:\/\/la-spatola.de\/index.php?rest_route=\/wp\/v2\/pages\/6\/revisions\/252"}],"wp:attachment":[{"href":"https:\/\/la-spatola.de\/index.php?rest_route=%2Fwp%2Fv2%2Fmedia&parent=6"}],"curies":[{"name":"wp","href":"https:\/\/api.w.org\/{rel}","templated":true}]}}